{"id":458,"date":"2013-03-08T22:51:08","date_gmt":"2013-03-08T22:51:08","guid":{"rendered":"http:\/\/zdeweb.cz\/prace\/wp\/web3\/?page_id=458"},"modified":"2024-05-11T18:01:20","modified_gmt":"2024-05-11T18:01:20","slug":"kurzy","status":"publish","type":"page","link":"https:\/\/www.akronym.cz\/en\/kurzy\/","title":{"rendered":"Courses"},"content":{"rendered":"<h2>Private courses<\/h2>\n<p>We offer both individual and group courses for Czech, English and German with qualified, experienced teachers. The advantage of these courses is the individual approach and adjustment of the teaching methods, materials and pace to the needs and requirements of the student.<\/p>\n<h2>Corporate courses<\/h2>\n<p>We offer individual and group language training in Czech, English and German for companies. First we perform a language audit and divide the students into groups according to their language competence. We can adjust the frequency and length of the individual and group courses to fit the company&#8217;s schedule and adapt the pace and focus of the training to meet your needs. The courses can be focused on business language training by request.<\/p>\n<h2>Preparation for the Permanent Residence Permit Exam A1<\/h2>\n<p>We will make you or your employees ready for the A1 exam required for the permanent residence permit in the Czech Republic. We\u2019ve had a lot of experience with preparing students for this exam. We will teach you the needed language competencies, guide you through all parts of the exam (writing, reading, listening and speaking) and you will be allowed to take at least two trial versions of the exam. There will be no surprises for you then when you take the real exam.<br \/>\nUnfortunately, you cannot take the actual exam for permanent residence permit with us. You have to register for it with one of the certified national schools, a list of which and more information about the exam you will find\u00a0at http:\/\/check-your-czech.com<br \/>\nHowever, we will be happy to help you with the registration for the exam.<\/p>\n<h2>Special course: Survival Czech<\/h2>\n<p>Are you going to stay in the Czech Republic for a limited period of time and don&#8217;t want to learn the complicated grammar system and tons of vocabulary? If your aim is simply to get by in basic, everyday situations rather than achieving fluent conversation with Czechs in their mother language, this course is made just for you. You will learn useful phrases necessary to handle your shopping, travelling by public transport, sightseeing, speaking with waiters, taxi drivers, hairdressers, your landlord and even your Czech colleagues. You will be taught the essential vocabulary necessary for living here including food and drink, numbers, colors, clothes and more. You will find out a lot about Czech customs and cultural differences that may help you avoid uncomfortable misunderstandings and make your life in the Czech Republic a better experience.<\/p>\n<p><strong>Duration of the course:<\/strong><\/p>\n<p><strong>12 \u00d7 60min or 16 \u00d7 45min (12 hours)<\/strong><\/p>\n<p><strong>Available scheduling options for the course:<\/strong><\/p>\n<p>90 min. 1 \u00d7 a week (2 months)<br \/>\n60 min. 2 \u00d7 a week (1,5 months)<br \/>\n90 min. 2 \u00d7 a week (1 month)<br \/>\n60 min. 3 \u00d7 a week (1 month)<\/p>\n<p><strong>Intensive course: <\/strong><\/p>\n<p>90 min. 4 \u00d7 a week (2 weeks)<\/p>\n","protected":false},"excerpt":{"rendered":"<p>Private courses We offer both individual and group courses for Czech, English and German with qualified, experienced teachers. The advantage | &#8230; <a href=\"https:\/\/www.akronym.cz\/en\/kurzy\/\">\u010c\u00edst v\u00edce &#xbb; <\/a><\/p>\n","protected":false},"author":1,"featured_media":0,"parent":0,"menu_order":1,"comment_status":"closed","ping_status":"closed","template":"","meta":{"footnotes":""},"translation":{"provider":"WPGlobus","version":"2.12.2","language":"en","enabled_languages":["cs","en"],"languages":{"cs":{"title":true,"content":true,"excerpt":false},"en":{"title":true,"content":true,"excerpt":false}}},"_links":{"self":[{"href":"https:\/\/www.akronym.cz\/en\/wp-json\/wp\/v2\/pages\/458"}],"collection":[{"href":"https:\/\/www.akronym.cz\/en\/wp-json\/wp\/v2\/pages"}],"about":[{"href":"https:\/\/www.akronym.cz\/en\/wp-json\/wp\/v2\/types\/page"}],"author":[{"embeddable":true,"href":"https:\/\/www.akronym.cz\/en\/wp-json\/wp\/v2\/users\/1"}],"replies":[{"embeddable":true,"href":"https:\/\/www.akronym.cz\/en\/wp-json\/wp\/v2\/comments?post=458"}],"version-history":[{"count":10,"href":"https:\/\/www.akronym.cz\/en\/wp-json\/wp\/v2\/pages\/458\/revisions"}],"predecessor-version":[{"id":827,"href":"https:\/\/www.akronym.cz\/en\/wp-json\/wp\/v2\/pages\/458\/revisions\/827"}],"wp:attachment":[{"href":"https:\/\/www.akronym.cz\/en\/wp-json\/wp\/v2\/media?parent=458"}],"curies":[{"name":"wp","href":"https:\/\/api.w.org\/{rel}","templated":true}]}}