{"id":460,"date":"2013-03-08T22:51:25","date_gmt":"2013-03-08T22:51:25","guid":{"rendered":"http:\/\/zdeweb.cz\/prace\/wp\/web3\/?page_id=460"},"modified":"2024-05-11T18:02:03","modified_gmt":"2024-05-11T18:02:03","slug":"reference","status":"publish","type":"page","link":"https:\/\/www.akronym.cz\/en\/reference\/","title":{"rendered":"References"},"content":{"rendered":"<h2>Our current and past clients include:<\/h2>\n<ul>\n<li>Oracle Czech<\/li>\n<li>Concur<\/li>\n<li>Monster Technologies<\/li>\n<li>Universal McCann<\/li>\n<li>Initiative Media<\/li>\n<li>AIG Lincoln<\/li>\n<li>Sun Microsystems<\/li>\n<li>Radio Free Europe<\/li>\n<li>Czech Philharmonic orchestra<\/li>\n<\/ul>\n","protected":false},"excerpt":{"rendered":"<p>Our current and past clients include: Oracle Czech Concur Monster Technologies Universal McCann Initiative Media AIG Lincoln Sun Microsystems Radio | &#8230; <a href=\"https:\/\/www.akronym.cz\/en\/reference\/\">\u010c\u00edst v\u00edce &#xbb; <\/a><\/p>\n","protected":false},"author":1,"featured_media":0,"parent":0,"menu_order":2,"comment_status":"closed","ping_status":"closed","template":"","meta":{"footnotes":""},"translation":{"provider":"WPGlobus","version":"2.12.2","language":"en","enabled_languages":["cs","en"],"languages":{"cs":{"title":true,"content":true,"excerpt":false},"en":{"title":true,"content":true,"excerpt":false}}},"_links":{"self":[{"href":"https:\/\/www.akronym.cz\/en\/wp-json\/wp\/v2\/pages\/460"}],"collection":[{"href":"https:\/\/www.akronym.cz\/en\/wp-json\/wp\/v2\/pages"}],"about":[{"href":"https:\/\/www.akronym.cz\/en\/wp-json\/wp\/v2\/types\/page"}],"author":[{"embeddable":true,"href":"https:\/\/www.akronym.cz\/en\/wp-json\/wp\/v2\/users\/1"}],"replies":[{"embeddable":true,"href":"https:\/\/www.akronym.cz\/en\/wp-json\/wp\/v2\/comments?post=460"}],"version-history":[{"count":11,"href":"https:\/\/www.akronym.cz\/en\/wp-json\/wp\/v2\/pages\/460\/revisions"}],"predecessor-version":[{"id":828,"href":"https:\/\/www.akronym.cz\/en\/wp-json\/wp\/v2\/pages\/460\/revisions\/828"}],"wp:attachment":[{"href":"https:\/\/www.akronym.cz\/en\/wp-json\/wp\/v2\/media?parent=460"}],"curies":[{"name":"wp","href":"https:\/\/api.w.org\/{rel}","templated":true}]}}